{"id":1027,"date":"2020-08-25T19:45:51","date_gmt":"2020-08-25T22:45:51","guid":{"rendered":"https:\/\/ricardosachser.com\/2020\/?page_id=1027"},"modified":"2024-05-28T00:07:56","modified_gmt":"2024-05-28T03:07:56","slug":"aulas-particulares","status":"publish","type":"page","link":"https:\/\/ricardosachser.com\/2020\/aulas-particulares\/","title":{"rendered":"AULAS PARTICULARES"},"content":{"rendered":"<p><div class=\"fusion-fullwidth fullwidth-box fusion-builder-row-1 fusion-flex-container nonhundred-percent-fullwidth non-hundred-percent-height-scrolling fusion-no-small-visibility fusion-no-medium-visibility\" style=\"--awb-border-radius-top-left:0px;--awb-border-radius-top-right:0px;--awb-border-radius-bottom-right:0px;--awb-border-radius-bottom-left:0px;--awb-flex-wrap:wrap;\" ><div class=\"fusion-builder-row fusion-row fusion-flex-align-items-flex-start fusion-flex-content-wrap\" style=\"max-width:calc( 1200px + 40px );margin-left: calc(-40px \/ 2 );margin-right: calc(-40px \/ 2 );\"><div class=\"fusion-layout-column fusion_builder_column fusion-builder-column-0 fusion_builder_column_1_1 1_1 fusion-flex-column\" style=\"--awb-bg-size:cover;--awb-width-large:100%;--awb-margin-top-large:0px;--awb-spacing-right-large:20px;--awb-margin-bottom-large:20px;--awb-spacing-left-large:20px;--awb-width-medium:100%;--awb-spacing-right-medium:20px;--awb-spacing-left-medium:20px;--awb-width-small:100%;--awb-spacing-right-small:20px;--awb-spacing-left-small:20px;\"><div class=\"fusion-column-wrapper fusion-flex-justify-content-flex-start fusion-content-layout-column\"><div class=\"fusion-separator fusion-full-width-sep\" style=\"align-self: center;margin-left: auto;margin-right: auto;margin-top:135px;width:100%;\"><\/div><\/div><\/div><\/div><\/div>\n<div class=\"fusion-fullwidth fullwidth-box fusion-builder-row-2 fusion-flex-container nonhundred-percent-fullwidth non-hundred-percent-height-scrolling\" style=\"--awb-border-radius-top-left:0px;--awb-border-radius-top-right:0px;--awb-border-radius-bottom-right:0px;--awb-border-radius-bottom-left:0px;--awb-flex-wrap:wrap;\" ><div class=\"fusion-builder-row fusion-row fusion-flex-align-items-flex-start fusion-flex-content-wrap\" style=\"max-width:calc( 1200px + 40px );margin-left: calc(-40px \/ 2 );margin-right: calc(-40px \/ 2 );\"><div class=\"fusion-layout-column fusion_builder_column fusion-builder-column-1 fusion_builder_column_1_2 1_2 fusion-flex-column\" style=\"--awb-bg-size:cover;--awb-width-large:50%;--awb-margin-top-large:0px;--awb-spacing-right-large:20px;--awb-margin-bottom-large:20px;--awb-spacing-left-large:20px;--awb-width-medium:50%;--awb-spacing-right-medium:20px;--awb-spacing-left-medium:20px;--awb-width-small:100%;--awb-spacing-right-small:20px;--awb-spacing-left-small:20px;\"><div class=\"fusion-column-wrapper fusion-flex-justify-content-flex-start fusion-content-layout-column\"><div class=\"fusion-title title fusion-title-1 fusion-title-text fusion-title-size-one\"><div class=\"title-sep-container title-sep-container-left fusion-no-large-visibility fusion-no-medium-visibility fusion-no-small-visibility\"><div class=\"title-sep sep-double sep-solid\" style=\"border-color:#e0dede;\"><\/div><\/div><span class=\"awb-title-spacer fusion-no-large-visibility fusion-no-medium-visibility fusion-no-small-visibility\"><\/span><h1 class=\"fusion-title-heading title-heading-left fusion-responsive-typography-calculated\" style=\"margin:0;--fontSize:34;line-height:1.4;\"><span style=\"color: #000000;\"><strong>AULAS PARTICULARES<\/strong><\/span><\/h1><span class=\"awb-title-spacer\"><\/span><div class=\"title-sep-container title-sep-container-right\"><div class=\"title-sep sep-double sep-solid\" style=\"border-color:#e0dede;\"><\/div><\/div><\/div><div class=\"fusion-separator fusion-no-small-visibility fusion-full-width-sep\" style=\"align-self: center;margin-left: auto;margin-right: auto;margin-top:40px;width:100%;\"><\/div><div class=\"fusion-text fusion-text-1\"><h1>As aulas particulares s\u00e3o atividades <em><strong>online <\/strong><\/em>realizadas individualmente ou em dupla<\/h1>\n<\/div><div class=\"fusion-text fusion-text-2\"><h2>Personalize sua revis\u00e3o nesta metodologia de ensino: aqui, voc\u00ea possui total autonomia na cria\u00e7\u00e3o do seu pr\u00f3prio conte\u00fado<\/h2>\n<\/div><div ><a class=\"fusion-button button-flat fusion-button-default-size button-custom fusion-button-default button-1 fusion-button-default-span fusion-button-default-type fusion-has-button-gradient\" style=\"--button_accent_color:#ffffff;--button_border_color:#ffffff;--button_accent_hover_color:#ffffff;--button_border_hover_color:#ffffff;--button_gradient_top_color:#b2b2b2;--button_gradient_bottom_color:#595959;--button_gradient_top_color_hover:#b2b2b2;--button_gradient_bottom_color_hover:#232323;\" target=\"_blank\" rel=\"noopener noreferrer\" href=\"https:\/\/api.whatsapp.com\/send?phone=5549999460149&amp;text=Ol%C3%A1%2C%20visitei%20seu%20webiste%20e%20gostaria%20de%20solicitar%20*Aulas%20Particulares*\"><i class=\" fa fa-calendar-check-o button-icon-left\" aria-hidden=\"true\"><\/i><span class=\"fusion-button-text\">CRIE SEU CRONOGRAMA<\/span><\/a><\/div><\/div><\/div><div class=\"fusion-layout-column fusion_builder_column fusion-builder-column-2 fusion_builder_column_1_2 1_2 fusion-flex-column\" style=\"--awb-bg-size:cover;--awb-width-large:50%;--awb-margin-top-large:0px;--awb-spacing-right-large:20px;--awb-margin-bottom-large:20px;--awb-spacing-left-large:20px;--awb-width-medium:50%;--awb-spacing-right-medium:20px;--awb-spacing-left-medium:20px;--awb-width-small:100%;--awb-spacing-right-small:20px;--awb-spacing-left-small:20px;\"><div class=\"fusion-column-wrapper fusion-flex-justify-content-flex-start fusion-content-layout-column\"><div class=\"fusion-image-carousel fusion-image-carousel-auto fusion-image-carousel-1\"><div class=\"awb-carousel awb-swiper awb-swiper-carousel\" data-autoplay=\"no\" data-columns=\"1\" data-itemmargin=\"0\" data-itemwidth=\"180\" data-touchscroll=\"no\" data-imagesize=\"auto\" style=\"--awb-columns:1;--awb-column-spacing:0px;\"><div class=\"swiper-wrapper awb-image-carousel-wrapper fusion-flex-align-items-center\"><div class=\"swiper-slide\"><div class=\"fusion-carousel-item-wrapper\"><div class=\"fusion-image-wrapper hover-type-none\"><img decoding=\"async\" width=\"453\" height=\"475\" src=\"https:\/\/ricardosachser.com\/2020\/wp-content\/uploads\/2020\/08\/aulas-1.png\" class=\"attachment-full size-full\" alt=\"\" srcset=\"https:\/\/ricardosachser.com\/2020\/wp-content\/uploads\/2020\/08\/aulas-1-200x210.png 200w, https:\/\/ricardosachser.com\/2020\/wp-content\/uploads\/2020\/08\/aulas-1-286x300.png 286w, https:\/\/ricardosachser.com\/2020\/wp-content\/uploads\/2020\/08\/aulas-1-400x419.png 400w, https:\/\/ricardosachser.com\/2020\/wp-content\/uploads\/2020\/08\/aulas-1.png 453w\" sizes=\"(max-width: 453px) 100vw, 453px\" \/><\/div><\/div><\/div><\/div><\/div><\/div><\/div><\/div><\/div><\/div><div class=\"fusion-fullwidth fullwidth-box fusion-builder-row-3 fusion-flex-container aulasparticulares nonhundred-percent-fullwidth non-hundred-percent-height-scrolling\" style=\"--awb-border-radius-top-left:0px;--awb-border-radius-top-right:0px;--awb-border-radius-bottom-right:0px;--awb-border-radius-bottom-left:0px;--awb-padding-top:60px;--awb-padding-right:60px;--awb-padding-bottom:30px;--awb-padding-left:60px;--awb-margin-bottom:40px;--awb-flex-wrap:wrap;\" ><div class=\"fusion-builder-row fusion-row fusion-flex-align-items-flex-start fusion-flex-content-wrap\" style=\"max-width:calc( 1200px + 40px );margin-left: calc(-40px \/ 2 );margin-right: calc(-40px \/ 2 );\"><div class=\"fusion-layout-column fusion_builder_column fusion-builder-column-3 fusion_builder_column_1_2 1_2 fusion-flex-column\" style=\"--awb-bg-size:cover;--awb-width-large:50%;--awb-margin-top-large:0px;--awb-spacing-right-large:20px;--awb-margin-bottom-large:20px;--awb-spacing-left-large:20px;--awb-width-medium:50%;--awb-spacing-right-medium:20px;--awb-spacing-left-medium:20px;--awb-width-small:100%;--awb-spacing-right-small:20px;--awb-spacing-left-small:20px;\"><div class=\"fusion-column-wrapper fusion-flex-justify-content-flex-start fusion-content-layout-column\"><i class=\"fb-icon-element-1 fb-icon-element fontawesome-icon fa fa-calendar circle-no fusion-text-flow\" style=\"--awb-iconcolor-hover:#ffffff;--awb-font-size:50px;--awb-margin-right:25px;\"><\/i><div class=\"fusion-text fusion-text-3\"><p><span style=\"color: #ffffff;\"><strong>Entre em contato e organize seu cronograma &#8211; \u00e9 gratuito!<\/strong> Assim como nos cursos de extens\u00e3o de curta dura\u00e7\u00e3o, as aulas particulares tamb\u00e9m s\u00e3o realizadas ao vivo atrav\u00e9s de plataformas digitais em regime <em>online<\/em>. Estas aulas s\u00e3o consideradas ideais para estudantes que continuamente buscam revisar seus conhecimentos, afinal, a capacita\u00e7\u00e3o extracurricular \u00e9 a chave para uma gradua\u00e7\u00e3o s\u00f3lida.<\/span><\/p>\n<\/div><\/div><\/div><div class=\"fusion-layout-column fusion_builder_column fusion-builder-column-4 fusion_builder_column_1_2 1_2 fusion-flex-column\" style=\"--awb-bg-size:cover;--awb-width-large:50%;--awb-margin-top-large:0px;--awb-spacing-right-large:20px;--awb-margin-bottom-large:20px;--awb-spacing-left-large:20px;--awb-width-medium:50%;--awb-spacing-right-medium:20px;--awb-spacing-left-medium:20px;--awb-width-small:100%;--awb-spacing-right-small:20px;--awb-spacing-left-small:20px;\"><div class=\"fusion-column-wrapper fusion-flex-justify-content-flex-start fusion-content-layout-column\"><i class=\"fb-icon-element-2 fb-icon-element fontawesome-icon fa fa-qrcode circle-no fusion-text-flow\" style=\"--awb-iconcolor-hover:#ffffff;--awb-font-size:50px;--awb-margin-right:25px;\"><\/i><div class=\"fusion-text fusion-text-4\"><p><span style=\"color: #ffffff;\">Os assuntos mais procurados por alunos de gradua\u00e7\u00e3o e profissionais rec\u00e9m graduados s\u00e3o: mem\u00f3ria, anatomia e fisiologia humana, neuroanatomia e neurofisiologia, psicopatologia, psicofarmacologia, terapia cognitivo-comportamental, neuropsicologia (cl\u00ednica e reabilita\u00e7\u00e3o) e transtornos neurol\u00f3gicos e psiqui\u00e1tricos como AVC, doen\u00e7as de Parkinson e Alzheimer, transtornos da ansiedade, depress\u00e3o e depend\u00eancia qu\u00edmica.<\/span><\/p>\n<\/div><\/div><\/div><\/div><\/div><div class=\"fusion-fullwidth fullwidth-box fusion-builder-row-4 fusion-flex-container nonhundred-percent-fullwidth non-hundred-percent-height-scrolling\" style=\"--awb-border-radius-top-left:0px;--awb-border-radius-top-right:0px;--awb-border-radius-bottom-right:0px;--awb-border-radius-bottom-left:0px;--awb-flex-wrap:wrap;\" ><div class=\"fusion-builder-row fusion-row fusion-flex-align-items-flex-start fusion-flex-content-wrap\" style=\"max-width:calc( 1200px + 40px );margin-left: calc(-40px \/ 2 );margin-right: calc(-40px \/ 2 );\"><div class=\"fusion-layout-column fusion_builder_column fusion-builder-column-5 fusion_builder_column_1_1 1_1 fusion-flex-column\" style=\"--awb-bg-size:cover;--awb-width-large:100%;--awb-margin-top-large:0px;--awb-spacing-right-large:20px;--awb-margin-bottom-large:20px;--awb-spacing-left-large:20px;--awb-width-medium:100%;--awb-spacing-right-medium:20px;--awb-spacing-left-medium:20px;--awb-width-small:100%;--awb-spacing-right-small:20px;--awb-spacing-left-small:20px;\"><div class=\"fusion-column-wrapper fusion-flex-justify-content-flex-start fusion-content-layout-column\"><script type=\"text\/javascript\">var lsjQuery = jQuery;lsjQuery(document).ready(function() {\r\nif(typeof lsjQuery.fn.layerSlider == \"undefined\") {\r\nif( window._layerSlider && window._layerSlider.showNotice) { \r\nwindow._layerSlider.showNotice('layerslider_3','jquery');\r\n}\r\n} else {\r\nlsjQuery(\"#layerslider_3\").layerSlider({createdWith: '6.6.8', sliderVersion: '6.10.0', allowFullscreen: false, autoStart: false, startInViewport: false, keybNav: false, touchNav: false, forceCycles: false, skin: 'v6', sliderFadeInDuration: 50, navPrevNext: false, hoverPrevNext: false, navStartStop: false, navButtons: false, showCircleTimer: false, useSrcset: false, skinsPath: 'https:\/\/ricardosachser.com\/2020\/wp-content\/plugins\/ls\/static\/layerslider\/skins\/'});\r\n}\r\n});\r\n<\/script><div id=\"layerslider_3\" class=\"ls-wp-container fitvidsignore\" style=\"width:1200px;height:240px;margin:0 auto;\"><div class=\"ls-slide\" data-ls=\"kenburnsscale:1.2;\"><img decoding=\"async\" width=\"1200\" height=\"240\" src=\"https:\/\/ricardosachser.com\/2020\/wp-content\/uploads\/2020\/08\/ls-slider-3-slide-1.jpg\" class=\"ls-tn\" alt=\"\"   \/><img decoding=\"async\" width=\"1200\" height=\"97\" src=\"https:\/\/ricardosachser.com\/2020\/wp-content\/uploads\/2020\/08\/contato_footer.png\" class=\"ls-l\" alt=\"\" style=\"top:0px;left:50%;padding-right:30px;padding-left:30px;width:100%;\" data-ls=\"durationin:100;\"><a style=\"\" class=\"ls-l\" href=\"https:\/\/api.whatsapp.com\/send?phone=5549999460149&amp;text=Ol%C3%A1,%20visitei%20seu%20website%20e%20gostaria%20de%20solicitar%20Atendimento%20Psicol%C3%B3gico%20ou%20Avalia%C3%A7%C3%A3o%20Neuropsicol%C3%B3gica\" target=\"_blank\"><div style=\"top:0px;left:0px;background-size:inherit;background-position:inherit;font-size:61px;width:321px;height:96px;\" class=\"\"><\/div><\/a><a style=\"\" class=\"ls-l\" href=\"mailto:ricardo.neuropsico@gmail.com?subject=%5BContato%20Website%5D&amp;body=Ol%C3%A1,%20visitei%20seu%20website%20e%20estou%20entrando%20em%20contato%20para...\" target=\"_blank\"><div style=\"top:0px;left:321px;background-size:inherit;background-position:inherit;font-size:89px;width:469px;height:96px;\" class=\"\"><\/div><\/a><a style=\"\" class=\"ls-l\" href=\"https:\/\/www.instagram.com\/ricardosachser.neuro\/\" target=\"_blank\"><div style=\"top:0px;left:1057px;background-size:inherit;background-position:inherit;font-size:13px;width:70px;height:96px;\" class=\"\"><\/div><\/a><a style=\"\" class=\"ls-l\" href=\"https:\/\/www.facebook.com\/ricardo.sachser\/\" target=\"_blank\"><div style=\"top:0px;left:1127px;background-size:inherit;background-position:inherit;font-size:13px;width:70px;height:96px;\" class=\"\"><\/div><\/a><a style=\"\" class=\"ls-l\" href=\"mailto:badgui182@gmail.com?subject=%5BOr%C3%A7amento%5D&amp;body=Ol%C3%A1,%20gostaria%20de%20solicitar%20um%20or%C3%A7amento%20para%20website%20com%20as%20seguintes%20caracter%C3%ADsticas:\" target=\"_self\"><img decoding=\"async\" width=\"1200\" height=\"97\" src=\"https:\/\/ricardosachser.com\/2020\/wp-content\/uploads\/2022\/12\/copyright-1.png\" class=\"\" alt=\"\" style=\"top:140px;left:50%;background-size:inherit;background-position:inherit;width:100%;\"><\/a><\/div><\/div><\/div><\/div><\/div><\/div>\n<\/p>\n","protected":false},"excerpt":{"rendered":"","protected":false},"author":1,"featured_media":0,"parent":0,"menu_order":0,"comment_status":"closed","ping_status":"closed","template":"","meta":{"footnotes":""},"_links":{"self":[{"href":"https:\/\/ricardosachser.com\/2020\/wp-json\/wp\/v2\/pages\/1027"}],"collection":[{"href":"https:\/\/ricardosachser.com\/2020\/wp-json\/wp\/v2\/pages"}],"about":[{"href":"https:\/\/ricardosachser.com\/2020\/wp-json\/wp\/v2\/types\/page"}],"author":[{"embeddable":true,"href":"https:\/\/ricardosachser.com\/2020\/wp-json\/wp\/v2\/users\/1"}],"replies":[{"embeddable":true,"href":"https:\/\/ricardosachser.com\/2020\/wp-json\/wp\/v2\/comments?post=1027"}],"version-history":[{"count":32,"href":"https:\/\/ricardosachser.com\/2020\/wp-json\/wp\/v2\/pages\/1027\/revisions"}],"predecessor-version":[{"id":1421,"href":"https:\/\/ricardosachser.com\/2020\/wp-json\/wp\/v2\/pages\/1027\/revisions\/1421"}],"wp:attachment":[{"href":"https:\/\/ricardosachser.com\/2020\/wp-json\/wp\/v2\/media?parent=1027"}],"curies":[{"name":"wp","href":"https:\/\/api.w.org\/{rel}","templated":true}]}}