{"id":28,"date":"2020-07-13T23:02:44","date_gmt":"2020-07-14T02:02:44","guid":{"rendered":"http:\/\/ricardosachser.com\/2020\/?page_id=28"},"modified":"2024-05-28T01:12:24","modified_gmt":"2024-05-28T04:12:24","slug":"consulta-online","status":"publish","type":"page","link":"https:\/\/ricardosachser.com\/2020\/consulta-online\/","title":{"rendered":"CONSULTA ONLINE"},"content":{"rendered":"<p><div class=\"fusion-fullwidth fullwidth-box fusion-builder-row-1 fusion-flex-container nonhundred-percent-fullwidth non-hundred-percent-height-scrolling fusion-no-small-visibility fusion-no-medium-visibility\" style=\"--awb-border-radius-top-left:0px;--awb-border-radius-top-right:0px;--awb-border-radius-bottom-right:0px;--awb-border-radius-bottom-left:0px;--awb-flex-wrap:wrap;\" ><div class=\"fusion-builder-row fusion-row fusion-flex-align-items-flex-start fusion-flex-content-wrap\" style=\"max-width:calc( 1200px + 40px );margin-left: calc(-40px \/ 2 );margin-right: calc(-40px \/ 2 );\"><div class=\"fusion-layout-column fusion_builder_column fusion-builder-column-0 fusion_builder_column_1_1 1_1 fusion-flex-column\" style=\"--awb-bg-size:cover;--awb-width-large:100%;--awb-margin-top-large:0px;--awb-spacing-right-large:20px;--awb-margin-bottom-large:20px;--awb-spacing-left-large:20px;--awb-width-medium:100%;--awb-spacing-right-medium:20px;--awb-spacing-left-medium:20px;--awb-width-small:100%;--awb-spacing-right-small:20px;--awb-spacing-left-small:20px;\"><div class=\"fusion-column-wrapper fusion-flex-justify-content-flex-start fusion-content-layout-column\"><div class=\"fusion-separator fusion-full-width-sep\" style=\"align-self: center;margin-left: auto;margin-right: auto;margin-top:135px;width:100%;\"><\/div><\/div><\/div><\/div><\/div>\n<div class=\"fusion-fullwidth fullwidth-box fusion-builder-row-2 fusion-flex-container atendimentointro nonhundred-percent-fullwidth non-hundred-percent-height-scrolling\" style=\"--awb-border-radius-top-left:0px;--awb-border-radius-top-right:0px;--awb-border-radius-bottom-right:0px;--awb-border-radius-bottom-left:0px;--awb-flex-wrap:wrap;\" ><div class=\"fusion-builder-row fusion-row fusion-flex-align-items-flex-start fusion-flex-content-wrap\" style=\"max-width:calc( 1200px + 40px );margin-left: calc(-40px \/ 2 );margin-right: calc(-40px \/ 2 );\"><div class=\"fusion-layout-column fusion_builder_column fusion-builder-column-1 fusion_builder_column_1_2 1_2 fusion-flex-column atendimentointro1\" style=\"--awb-bg-size:cover;--awb-width-large:50%;--awb-margin-top-large:0px;--awb-spacing-right-large:20px;--awb-margin-bottom-large:20px;--awb-spacing-left-large:20px;--awb-width-medium:50%;--awb-spacing-right-medium:20px;--awb-spacing-left-medium:20px;--awb-width-small:100%;--awb-spacing-right-small:20px;--awb-spacing-left-small:20px;\"><div class=\"fusion-column-wrapper fusion-flex-justify-content-flex-start fusion-content-layout-column\"><div class=\"fusion-title title fusion-title-1 fusion-title-text fusion-title-size-one\"><div class=\"title-sep-container title-sep-container-left fusion-no-large-visibility fusion-no-medium-visibility fusion-no-small-visibility\"><div class=\"title-sep sep-double sep-solid\" style=\"border-color:#e0dede;\"><\/div><\/div><span class=\"awb-title-spacer fusion-no-large-visibility fusion-no-medium-visibility fusion-no-small-visibility\"><\/span><h1 class=\"fusion-title-heading title-heading-left fusion-responsive-typography-calculated\" style=\"margin:0;--fontSize:34;line-height:1.4;\"><span style=\"color: #000000;\"><b>Curr\u00edculo &amp; Experi\u00eancia<\/b><\/span><\/h1><span class=\"awb-title-spacer\"><\/span><div class=\"title-sep-container title-sep-container-right\"><div class=\"title-sep sep-double sep-solid\" style=\"border-color:#e0dede;\"><\/div><\/div><\/div><div class=\"fusion-text fusion-text-1\"><h1>Consulta psicol\u00f3gica <strong><em>online<\/em>\u00a0<\/strong><\/h1>\n<h2><strong>TDAH | TEA | Ansiedade | Humor | Esquecimento<\/strong><\/h2>\n<h2><em>Psic. Ricardo Sachser (CRP12\/10527), neurocientista e docente colaborador do Laborat\u00f3rio de Neurobiologia da Mem\u00f3ria da UFRGS. \u00c9 Membro da Sociedade Brasileira de Neuroci\u00eancia e Comportamento e da Sociedade Brasileira de Neuropsicologia.<\/em><\/h2>\n<h2 data-fontsize=\"18\" data-lineheight=\"27\"><em><strong>\u2013 \u201cSe voc\u00ea possui problemas de esquecimento, ansiedade ou depress\u00e3o com preju\u00edzos na aprendizagem, na qualidade do sono ou com altera\u00e7\u00e3o significativa de peso, \u00e9 hora de procurar ajuda especializada!\u201d<\/strong><\/em><\/h2>\n<\/div><div ><a class=\"fusion-button button-flat fusion-button-default-size button-custom fusion-button-default button-1 fusion-button-default-span fusion-button-default-type btnatendimento fusion-has-button-gradient\" style=\"--button_accent_color:#ffffff;--button_border_color:#ffffff;--button_accent_hover_color:#ffffff;--button_border_hover_color:#ffffff;--button_gradient_top_color:#81cbc8;--button_gradient_bottom_color:#3c8b8f;--button_gradient_top_color_hover:#81cbc8;--button_gradient_bottom_color_hover:#2f6d72;\" target=\"_blank\" rel=\"noopener noreferrer\" href=\"https:\/\/api.whatsapp.com\/send?phone=5549999460149&amp;text=Ol%C3%A1,%20visitei%20seu%20website%20e%20gostaria%20de%20solicitar%20Atendimento%20Psicol%C3%B3gico%20ou%20Avalia%C3%A7%C3%A3o%20Neuropsicol%C3%B3gica\" id=\"btnatendimento1\"><i class=\" fa fa-comment button-icon-left\" aria-hidden=\"true\"><\/i><span class=\"fusion-button-text\">SOLICITAR ATENDIMENTO<\/span><\/a><\/div><\/div><\/div><div class=\"fusion-layout-column fusion_builder_column fusion-builder-column-2 fusion_builder_column_1_2 1_2 fusion-flex-column\" style=\"--awb-bg-size:cover;--awb-width-large:50%;--awb-margin-top-large:0px;--awb-spacing-right-large:20px;--awb-margin-bottom-large:20px;--awb-spacing-left-large:20px;--awb-width-medium:50%;--awb-spacing-right-medium:20px;--awb-spacing-left-medium:20px;--awb-width-small:100%;--awb-spacing-right-small:20px;--awb-spacing-left-small:20px;\"><div class=\"fusion-column-wrapper fusion-flex-justify-content-flex-start fusion-content-layout-column\"><div class=\"fusion-image-carousel fusion-image-carousel-auto fusion-image-carousel-1\"><div class=\"awb-carousel awb-swiper awb-swiper-carousel\" data-autoplay=\"no\" data-columns=\"1\" data-itemmargin=\"0\" data-itemwidth=\"180\" data-touchscroll=\"no\" data-imagesize=\"auto\" style=\"--awb-columns:1;--awb-column-spacing:0px;\"><div class=\"swiper-wrapper awb-image-carousel-wrapper fusion-flex-align-items-center\"><div class=\"swiper-slide\"><div class=\"fusion-carousel-item-wrapper\"><div class=\"fusion-image-wrapper hover-type-none\"><img decoding=\"async\" width=\"453\" height=\"475\" src=\"https:\/\/ricardosachser.com\/2020\/wp-content\/uploads\/2022\/03\/consulta.png\" class=\"attachment-full size-full\" alt=\"\" srcset=\"https:\/\/ricardosachser.com\/2020\/wp-content\/uploads\/2022\/03\/consulta-200x210.png 200w, https:\/\/ricardosachser.com\/2020\/wp-content\/uploads\/2022\/03\/consulta-286x300.png 286w, https:\/\/ricardosachser.com\/2020\/wp-content\/uploads\/2022\/03\/consulta-400x419.png 400w, https:\/\/ricardosachser.com\/2020\/wp-content\/uploads\/2022\/03\/consulta.png 453w\" sizes=\"(max-width: 453px) 100vw, 453px\" \/><\/div><\/div><\/div><\/div><\/div><\/div><\/div><\/div><\/div><\/div><div class=\"fusion-fullwidth fullwidth-box fusion-builder-row-3 fusion-flex-container has-pattern-background has-mask-background consultaonline nonhundred-percent-fullwidth non-hundred-percent-height-scrolling\" style=\"--awb-border-sizes-top:0px;--awb-border-sizes-bottom:0px;--awb-border-sizes-left:0px;--awb-border-sizes-right:0px;--awb-border-color:#000000;--awb-border-style:dotted;--awb-border-radius-top-left:10px;--awb-border-radius-top-right:30px;--awb-border-radius-bottom-right:10px;--awb-border-radius-bottom-left:30px;--awb-overflow:hidden;--awb-padding-top:60px;--awb-padding-right:60px;--awb-padding-bottom:30px;--awb-padding-left:60px;--awb-margin-bottom:40px;--awb-background-color:rgba(255,255,255,0.5);--awb-flex-wrap:wrap;\" ><div class=\"fusion-builder-row fusion-row fusion-flex-align-items-flex-start fusion-flex-content-wrap\" style=\"max-width:calc( 1200px + 40px );margin-left: calc(-40px \/ 2 );margin-right: calc(-40px \/ 2 );\"><div class=\"fusion-layout-column fusion_builder_column fusion-builder-column-3 fusion_builder_column_1_3 1_3 fusion-flex-column\" style=\"--awb-bg-size:cover;--awb-border-color:#000000;--awb-border-top:0;--awb-border-right:0;--awb-border-bottom:0;--awb-border-left:0;--awb-border-style:dotted;--awb-width-large:33.333333333333%;--awb-margin-top-large:0px;--awb-spacing-right-large:20px;--awb-margin-bottom-large:20px;--awb-spacing-left-large:20px;--awb-width-medium:33.333333333333%;--awb-spacing-right-medium:20px;--awb-spacing-left-medium:20px;--awb-width-small:100%;--awb-spacing-right-small:20px;--awb-spacing-left-small:20px;\"><div class=\"fusion-column-wrapper fusion-flex-justify-content-flex-start fusion-content-layout-column\"><i class=\"fb-icon-element-1 fb-icon-element fontawesome-icon fa fa-users circle-no fusion-text-flow\" style=\"--awb-iconcolor:#3c8b8f;--awb-iconcolor-hover:#3c8b8f;--awb-font-size:50px;--awb-margin-right:25px;\"><\/i><div class=\"fusion-text fusion-text-2\"><p><b>P\u00fablico-alvo<br \/>\n<\/b><span style=\"font-weight: 400;\">Atendimento especializado para todos os p\u00fablicos<\/span><\/p>\n<\/div><\/div><\/div><div class=\"fusion-layout-column fusion_builder_column fusion-builder-column-4 fusion_builder_column_1_3 1_3 fusion-flex-column\" style=\"--awb-bg-size:cover;--awb-width-large:33.333333333333%;--awb-margin-top-large:0px;--awb-spacing-right-large:20px;--awb-margin-bottom-large:20px;--awb-spacing-left-large:20px;--awb-width-medium:33.333333333333%;--awb-spacing-right-medium:20px;--awb-spacing-left-medium:20px;--awb-width-small:100%;--awb-spacing-right-small:20px;--awb-spacing-left-small:20px;\"><div class=\"fusion-column-wrapper fusion-flex-justify-content-flex-start fusion-content-layout-column\"><i class=\"fb-icon-element-2 fb-icon-element fontawesome-icon fa fa-comments circle-no fusion-text-flow\" style=\"--awb-iconcolor:#3c8b8f;--awb-iconcolor-hover:#3c8b8f;--awb-font-size:50px;--awb-margin-right:25px;\"><\/i><div class=\"fusion-text fusion-text-3\"><p><b>Tipo de servi\u00e7o<br \/>\n<\/b><span style=\"font-weight: 400;\">Consulta e avalia\u00e7\u00e3o neuropsicol\u00f3gica <em>online<\/em><\/span><\/p>\n<\/div><\/div><\/div><div class=\"fusion-layout-column fusion_builder_column fusion-builder-column-5 fusion_builder_column_1_3 1_3 fusion-flex-column\" style=\"--awb-bg-size:cover;--awb-width-large:33.333333333333%;--awb-margin-top-large:0px;--awb-spacing-right-large:20px;--awb-margin-bottom-large:20px;--awb-spacing-left-large:20px;--awb-width-medium:33.333333333333%;--awb-spacing-right-medium:20px;--awb-spacing-left-medium:20px;--awb-width-small:100%;--awb-spacing-right-small:20px;--awb-spacing-left-small:20px;\"><div class=\"fusion-column-wrapper fusion-flex-justify-content-flex-start fusion-content-layout-column\"><i class=\"fb-icon-element-3 fb-icon-element fontawesome-icon fa fa-seedling circle-no fusion-text-flow\" style=\"--awb-iconcolor:#3c8b8f;--awb-iconcolor-hover:#3c8b8f;--awb-font-size:50px;--awb-margin-right:25px;\"><\/i><div class=\"fusion-text fusion-text-4\"><p><b>Abordagem<br \/>\n<\/b><span style=\"font-weight: 400;\">Neuropsicologia\/Terapia Cognitivo-Comportamental<\/span><\/p>\n<\/div><\/div><\/div><\/div><\/div><div class=\"fusion-fullwidth fullwidth-box fusion-builder-row-4 fusion-flex-container nonhundred-percent-fullwidth non-hundred-percent-height-scrolling\" style=\"--awb-border-radius-top-left:0px;--awb-border-radius-top-right:0px;--awb-border-radius-bottom-right:0px;--awb-border-radius-bottom-left:0px;--awb-flex-wrap:wrap;\" ><div class=\"fusion-builder-row fusion-row fusion-flex-align-items-flex-start fusion-flex-content-wrap\" style=\"max-width:calc( 1200px + 40px );margin-left: calc(-40px \/ 2 );margin-right: calc(-40px \/ 2 );\"><div class=\"fusion-layout-column fusion_builder_column fusion-builder-column-6 fusion_builder_column_1_1 1_1 fusion-flex-column\" style=\"--awb-bg-size:cover;--awb-width-large:100%;--awb-margin-top-large:0px;--awb-spacing-right-large:20px;--awb-margin-bottom-large:20px;--awb-spacing-left-large:20px;--awb-width-medium:100%;--awb-spacing-right-medium:20px;--awb-spacing-left-medium:20px;--awb-width-small:100%;--awb-spacing-right-small:20px;--awb-spacing-left-small:20px;\"><div class=\"fusion-column-wrapper fusion-flex-justify-content-flex-start fusion-content-layout-column\"><script type=\"text\/javascript\">var lsjQuery = jQuery;lsjQuery(document).ready(function() {\r\nif(typeof lsjQuery.fn.layerSlider == \"undefined\") {\r\nif( window._layerSlider && window._layerSlider.showNotice) { \r\nwindow._layerSlider.showNotice('layerslider_3','jquery');\r\n}\r\n} else {\r\nlsjQuery(\"#layerslider_3\").layerSlider({createdWith: '6.6.8', sliderVersion: '6.10.0', allowFullscreen: false, autoStart: false, startInViewport: false, keybNav: false, touchNav: false, forceCycles: false, skin: 'v6', sliderFadeInDuration: 50, navPrevNext: false, hoverPrevNext: false, navStartStop: false, navButtons: false, showCircleTimer: false, useSrcset: false, skinsPath: 'https:\/\/ricardosachser.com\/2020\/wp-content\/plugins\/ls\/static\/layerslider\/skins\/'});\r\n}\r\n});\r\n<\/script><div id=\"layerslider_3\" class=\"ls-wp-container fitvidsignore\" style=\"width:1200px;height:240px;margin:0 auto;\"><div class=\"ls-slide\" data-ls=\"kenburnsscale:1.2;\"><img decoding=\"async\" width=\"1200\" height=\"240\" src=\"https:\/\/ricardosachser.com\/2020\/wp-content\/uploads\/2020\/08\/ls-slider-3-slide-1.jpg\" class=\"ls-tn\" alt=\"\"   \/><img decoding=\"async\" width=\"1200\" height=\"97\" src=\"https:\/\/ricardosachser.com\/2020\/wp-content\/uploads\/2020\/08\/contato_footer.png\" class=\"ls-l\" alt=\"\" style=\"top:0px;left:50%;padding-right:30px;padding-left:30px;width:100%;\" data-ls=\"durationin:100;\"><a style=\"\" class=\"ls-l\" href=\"https:\/\/api.whatsapp.com\/send?phone=5549999460149&amp;text=Ol%C3%A1,%20visitei%20seu%20website%20e%20gostaria%20de%20solicitar%20Atendimento%20Psicol%C3%B3gico%20ou%20Avalia%C3%A7%C3%A3o%20Neuropsicol%C3%B3gica\" target=\"_blank\"><div style=\"top:0px;left:0px;background-size:inherit;background-position:inherit;font-size:61px;width:321px;height:96px;\" class=\"\"><\/div><\/a><a style=\"\" class=\"ls-l\" href=\"mailto:ricardo.neuropsico@gmail.com?subject=%5BContato%20Website%5D&amp;body=Ol%C3%A1,%20visitei%20seu%20website%20e%20estou%20entrando%20em%20contato%20para...\" target=\"_blank\"><div style=\"top:0px;left:321px;background-size:inherit;background-position:inherit;font-size:89px;width:469px;height:96px;\" class=\"\"><\/div><\/a><a style=\"\" class=\"ls-l\" href=\"https:\/\/www.instagram.com\/ricardosachser.neuro\/\" target=\"_blank\"><div style=\"top:0px;left:1057px;background-size:inherit;background-position:inherit;font-size:13px;width:70px;height:96px;\" class=\"\"><\/div><\/a><a style=\"\" class=\"ls-l\" href=\"https:\/\/www.facebook.com\/ricardo.sachser\/\" target=\"_blank\"><div style=\"top:0px;left:1127px;background-size:inherit;background-position:inherit;font-size:13px;width:70px;height:96px;\" class=\"\"><\/div><\/a><a style=\"\" class=\"ls-l\" href=\"mailto:badgui182@gmail.com?subject=%5BOr%C3%A7amento%5D&amp;body=Ol%C3%A1,%20gostaria%20de%20solicitar%20um%20or%C3%A7amento%20para%20website%20com%20as%20seguintes%20caracter%C3%ADsticas:\" target=\"_self\"><img decoding=\"async\" width=\"1200\" height=\"97\" src=\"https:\/\/ricardosachser.com\/2020\/wp-content\/uploads\/2022\/12\/copyright-1.png\" class=\"\" alt=\"\" style=\"top:140px;left:50%;background-size:inherit;background-position:inherit;width:100%;\"><\/a><\/div><\/div><\/div><\/div><\/div><\/div>\n<\/p>\n","protected":false},"excerpt":{"rendered":"","protected":false},"author":1,"featured_media":0,"parent":0,"menu_order":0,"comment_status":"closed","ping_status":"closed","template":"","meta":{"footnotes":""},"_links":{"self":[{"href":"https:\/\/ricardosachser.com\/2020\/wp-json\/wp\/v2\/pages\/28"}],"collection":[{"href":"https:\/\/ricardosachser.com\/2020\/wp-json\/wp\/v2\/pages"}],"about":[{"href":"https:\/\/ricardosachser.com\/2020\/wp-json\/wp\/v2\/types\/page"}],"author":[{"embeddable":true,"href":"https:\/\/ricardosachser.com\/2020\/wp-json\/wp\/v2\/users\/1"}],"replies":[{"embeddable":true,"href":"https:\/\/ricardosachser.com\/2020\/wp-json\/wp\/v2\/comments?post=28"}],"version-history":[{"count":101,"href":"https:\/\/ricardosachser.com\/2020\/wp-json\/wp\/v2\/pages\/28\/revisions"}],"predecessor-version":[{"id":1178,"href":"https:\/\/ricardosachser.com\/2020\/wp-json\/wp\/v2\/pages\/28\/revisions\/1178"}],"wp:attachment":[{"href":"https:\/\/ricardosachser.com\/2020\/wp-json\/wp\/v2\/media?parent=28"}],"curies":[{"name":"wp","href":"https:\/\/api.w.org\/{rel}","templated":true}]}}